{"id":318,"date":"2025-06-16T17:31:23","date_gmt":"2025-06-16T17:31:23","guid":{"rendered":"https:\/\/tumarco.co\/?post_type=product&#038;p=318"},"modified":"2025-06-16T17:31:23","modified_gmt":"2025-06-16T17:31:23","slug":"pequeno-astronauta-sonador","status":"publish","type":"product","link":"https:\/\/tumarco.co\/?product=pequeno-astronauta-sonador","title":{"rendered":"PEQUE\u00d1O ASTRONAUTA SO\u00d1ADOR"},"content":{"rendered":"<p>Impreso sobre lienzo de alta calidad, este cuadro captura una escena fant\u00e1stica donde un peque\u00f1o astronauta, con un traje espacial detalladamente ilustrado, navega el universo montado en un cohete brillante que deja una estela de fuego anaranjado. El fondo est\u00e1 lleno de tonos azules profundos, salpicados con estrellas doradas y destellos celestiales, creando una atm\u00f3sfera que evoca asombro, descubrimiento y la inmensidad del espacio. La expresi\u00f3n del ni\u00f1o refleja emoci\u00f3n y curiosidad, record\u00e1ndonos la pureza de los sue\u00f1os infantiles. Esta obra no solo es una decoraci\u00f3n encantadora para habitaciones de ni\u00f1os, sino tambi\u00e9n una invitaci\u00f3n constante a so\u00f1ar en grande, a explorar sin miedo y a creer que todo es posible. Gracias a su impresi\u00f3n sobre lienzo de alta resoluci\u00f3n, los colores se mantienen vivos y n\u00edtidos, asegurando una pieza duradera y visualmente impactante.<\/p>\n","protected":false},"excerpt":{"rendered":"<p>Este hermoso cuadro impreso en lienzo retrata a un ni\u00f1o astronauta montado en un cohete, surcando un cielo estrellado lleno de magia y color. Con su traje espacial naranja y su expresi\u00f3n de felicidad, transmite una sensaci\u00f3n de aventura, inocencia y sue\u00f1os infinitos, convirti\u00e9ndose en la pieza perfecta para inspirar imaginaci\u00f3n y alegr\u00eda en cualquier habitaci\u00f3n infantil.<\/p>\n","protected":false},"featured_media":178,"comment_status":"open","ping_status":"closed","template":"","meta":[],"product_brand":[],"product_cat":[34],"product_tag":[],"class_list":{"0":"post-318","1":"product","2":"type-product","3":"status-publish","4":"has-post-thumbnail","6":"product_cat-infantiles","8":"first","9":"instock","10":"shipping-taxable","11":"product-type-simple"},"_links":{"self":[{"href":"https:\/\/tumarco.co\/index.php?rest_route=\/wp\/v2\/product\/318","targetHints":{"allow":["GET"]}}],"collection":[{"href":"https:\/\/tumarco.co\/index.php?rest_route=\/wp\/v2\/product"}],"about":[{"href":"https:\/\/tumarco.co\/index.php?rest_route=\/wp\/v2\/types\/product"}],"replies":[{"embeddable":true,"href":"https:\/\/tumarco.co\/index.php?rest_route=%2Fwp%2Fv2%2Fcomments&post=318"}],"wp:featuredmedia":[{"embeddable":true,"href":"https:\/\/tumarco.co\/index.php?rest_route=\/wp\/v2\/media\/178"}],"wp:attachment":[{"href":"https:\/\/tumarco.co\/index.php?rest_route=%2Fwp%2Fv2%2Fmedia&parent=318"}],"wp:term":[{"taxonomy":"product_brand","embeddable":true,"href":"https:\/\/tumarco.co\/index.php?rest_route=%2Fwp%2Fv2%2Fproduct_brand&post=318"},{"taxonomy":"product_cat","embeddable":true,"href":"https:\/\/tumarco.co\/index.php?rest_route=%2Fwp%2Fv2%2Fproduct_cat&post=318"},{"taxonomy":"product_tag","embeddable":true,"href":"https:\/\/tumarco.co\/index.php?rest_route=%2Fwp%2Fv2%2Fproduct_tag&post=318"}],"curies":[{"name":"wp","href":"https:\/\/api.w.org\/{rel}","templated":true}]}}