{"id":315,"date":"2025-06-16T17:24:05","date_gmt":"2025-06-16T17:24:05","guid":{"rendered":"https:\/\/tumarco.co\/?post_type=product&#038;p=315"},"modified":"2025-06-16T17:24:05","modified_gmt":"2025-06-16T17:24:05","slug":"divina-misericordia","status":"publish","type":"product","link":"https:\/\/tumarco.co\/?product=divina-misericordia","title":{"rendered":"DIVINA MISERICORDIA"},"content":{"rendered":"<p>&#8220;Divina Misericordia&#8221; captura la esencia del amor incondicional y el perd\u00f3n que Jes\u00fas ofrece a toda la humanidad. La impresi\u00f3n en lienzo de alta calidad resalta los vibrantes colores de los rayos que emanan de su coraz\u00f3n, s\u00edmbolos de la sangre y el agua que brotaron como fuente de misericordia para el mundo. Esta pieza es un recordatorio constante de la importancia de la fe, la esperanza y el amor en nuestras vidas. Ideal para hogares, iglesias y espacios de oraci\u00f3n, esta imagen de la Divina Misericordia es una fuente de consuelo, paz y fortaleza espiritual.<\/p>\n","protected":false},"excerpt":{"rendered":"<p>Una imagen de amor y perd\u00f3n. Impreso en lienzo para una belleza que inspira.<\/p>\n","protected":false},"featured_media":188,"comment_status":"open","ping_status":"closed","template":"","meta":[],"product_brand":[],"product_cat":[33],"product_tag":[],"class_list":{"0":"post-315","1":"product","2":"type-product","3":"status-publish","4":"has-post-thumbnail","6":"product_cat-religiosos","8":"first","9":"instock","10":"shipping-taxable","11":"product-type-simple"},"_links":{"self":[{"href":"https:\/\/tumarco.co\/index.php?rest_route=\/wp\/v2\/product\/315","targetHints":{"allow":["GET"]}}],"collection":[{"href":"https:\/\/tumarco.co\/index.php?rest_route=\/wp\/v2\/product"}],"about":[{"href":"https:\/\/tumarco.co\/index.php?rest_route=\/wp\/v2\/types\/product"}],"replies":[{"embeddable":true,"href":"https:\/\/tumarco.co\/index.php?rest_route=%2Fwp%2Fv2%2Fcomments&post=315"}],"wp:featuredmedia":[{"embeddable":true,"href":"https:\/\/tumarco.co\/index.php?rest_route=\/wp\/v2\/media\/188"}],"wp:attachment":[{"href":"https:\/\/tumarco.co\/index.php?rest_route=%2Fwp%2Fv2%2Fmedia&parent=315"}],"wp:term":[{"taxonomy":"product_brand","embeddable":true,"href":"https:\/\/tumarco.co\/index.php?rest_route=%2Fwp%2Fv2%2Fproduct_brand&post=315"},{"taxonomy":"product_cat","embeddable":true,"href":"https:\/\/tumarco.co\/index.php?rest_route=%2Fwp%2Fv2%2Fproduct_cat&post=315"},{"taxonomy":"product_tag","embeddable":true,"href":"https:\/\/tumarco.co\/index.php?rest_route=%2Fwp%2Fv2%2Fproduct_tag&post=315"}],"curies":[{"name":"wp","href":"https:\/\/api.w.org\/{rel}","templated":true}]}}