{"id":310,"date":"2025-06-16T17:19:57","date_gmt":"2025-06-16T17:19:57","guid":{"rendered":"https:\/\/tumarco.co\/?post_type=product&#038;p=310"},"modified":"2025-06-16T17:19:57","modified_gmt":"2025-06-16T17:19:57","slug":"caminando-sobre-las-aguas","status":"publish","type":"product","link":"https:\/\/tumarco.co\/?product=caminando-sobre-las-aguas","title":{"rendered":"CAMINANDO SOBRE LAS AGUAS"},"content":{"rendered":"<p>&#8220;Caminando sobre las Aguas&#8221; captura el momento milagroso de Jes\u00fas demostrando su divinidad y poder sobre la naturaleza. La imagen, impresa en lienzo de alta calidad, resalta los detalles y la serenidad de la escena, invitando a la reflexi\u00f3n y la contemplaci\u00f3n. Esta pieza atemporal ofrece una fuente de inspiraci\u00f3n y esperanza para cualquier hogar o espacio de oraci\u00f3n, a\u00f1adiendo un toque de espiritualidad y belleza cl\u00e1sica.<\/p>\n","protected":false},"excerpt":{"rendered":"<p>Una representaci\u00f3n ic\u00f3nica de fe y poder. Impreso en lienzo de alta calidad para una presencia perdurable.<\/p>\n","protected":false},"featured_media":311,"comment_status":"open","ping_status":"closed","template":"","meta":[],"product_brand":[],"product_cat":[33],"product_tag":[],"class_list":{"0":"post-310","1":"product","2":"type-product","3":"status-publish","4":"has-post-thumbnail","6":"product_cat-religiosos","8":"first","9":"instock","10":"shipping-taxable","11":"product-type-simple"},"_links":{"self":[{"href":"https:\/\/tumarco.co\/index.php?rest_route=\/wp\/v2\/product\/310","targetHints":{"allow":["GET"]}}],"collection":[{"href":"https:\/\/tumarco.co\/index.php?rest_route=\/wp\/v2\/product"}],"about":[{"href":"https:\/\/tumarco.co\/index.php?rest_route=\/wp\/v2\/types\/product"}],"replies":[{"embeddable":true,"href":"https:\/\/tumarco.co\/index.php?rest_route=%2Fwp%2Fv2%2Fcomments&post=310"}],"wp:featuredmedia":[{"embeddable":true,"href":"https:\/\/tumarco.co\/index.php?rest_route=\/wp\/v2\/media\/311"}],"wp:attachment":[{"href":"https:\/\/tumarco.co\/index.php?rest_route=%2Fwp%2Fv2%2Fmedia&parent=310"}],"wp:term":[{"taxonomy":"product_brand","embeddable":true,"href":"https:\/\/tumarco.co\/index.php?rest_route=%2Fwp%2Fv2%2Fproduct_brand&post=310"},{"taxonomy":"product_cat","embeddable":true,"href":"https:\/\/tumarco.co\/index.php?rest_route=%2Fwp%2Fv2%2Fproduct_cat&post=310"},{"taxonomy":"product_tag","embeddable":true,"href":"https:\/\/tumarco.co\/index.php?rest_route=%2Fwp%2Fv2%2Fproduct_tag&post=310"}],"curies":[{"name":"wp","href":"https:\/\/api.w.org\/{rel}","templated":true}]}}