{"id":172,"date":"2025-06-16T11:43:08","date_gmt":"2025-06-16T11:43:08","guid":{"rendered":"https:\/\/tumarco.co\/?post_type=product&#038;p=172"},"modified":"2025-06-16T16:37:12","modified_gmt":"2025-06-16T16:37:12","slug":"cuadro-animales-6","status":"publish","type":"product","link":"https:\/\/tumarco.co\/?product=cuadro-animales-6","title":{"rendered":"CABALLO ELEGANTE"},"content":{"rendered":"<p>Este impresionante cuadro muestra con gran detalle y realismo la belleza y nobleza de un caballo de pelaje casta\u00f1o, resaltado sobre un fondo negro que realza su figura imponente y mirada serena. La composici\u00f3n transmite fuerza, elegancia y conexi\u00f3n con la naturaleza. Impreso en lienzo de alta calidad, este retrato ecuestre es perfecto para decorar espacios con un estilo sofisticado, rural o amante de los animales, aportando car\u00e1cter y distinci\u00f3n a cualquier ambiente.<\/p>\n","protected":false},"excerpt":{"rendered":"<p>Retrato realista de un majestuoso caballo, impreso en lienzo de alta calidad.<\/p>\n","protected":false},"featured_media":111,"comment_status":"open","ping_status":"closed","template":"","meta":[],"product_brand":[],"product_cat":[16],"product_tag":[],"class_list":{"0":"post-172","1":"product","2":"type-product","3":"status-publish","4":"has-post-thumbnail","6":"product_cat-animales","8":"first","9":"instock","10":"shipping-taxable","11":"product-type-variable"},"_links":{"self":[{"href":"https:\/\/tumarco.co\/index.php?rest_route=\/wp\/v2\/product\/172","targetHints":{"allow":["GET"]}}],"collection":[{"href":"https:\/\/tumarco.co\/index.php?rest_route=\/wp\/v2\/product"}],"about":[{"href":"https:\/\/tumarco.co\/index.php?rest_route=\/wp\/v2\/types\/product"}],"replies":[{"embeddable":true,"href":"https:\/\/tumarco.co\/index.php?rest_route=%2Fwp%2Fv2%2Fcomments&post=172"}],"wp:featuredmedia":[{"embeddable":true,"href":"https:\/\/tumarco.co\/index.php?rest_route=\/wp\/v2\/media\/111"}],"wp:attachment":[{"href":"https:\/\/tumarco.co\/index.php?rest_route=%2Fwp%2Fv2%2Fmedia&parent=172"}],"wp:term":[{"taxonomy":"product_brand","embeddable":true,"href":"https:\/\/tumarco.co\/index.php?rest_route=%2Fwp%2Fv2%2Fproduct_brand&post=172"},{"taxonomy":"product_cat","embeddable":true,"href":"https:\/\/tumarco.co\/index.php?rest_route=%2Fwp%2Fv2%2Fproduct_cat&post=172"},{"taxonomy":"product_tag","embeddable":true,"href":"https:\/\/tumarco.co\/index.php?rest_route=%2Fwp%2Fv2%2Fproduct_tag&post=172"}],"curies":[{"name":"wp","href":"https:\/\/api.w.org\/{rel}","templated":true}]}}