{"id":7,"date":"2025-06-12T16:46:29","date_gmt":"2025-06-12T16:46:29","guid":{"rendered":"https:\/\/tumarco.co\/cart\/"},"modified":"2025-06-16T13:12:02","modified_gmt":"2025-06-16T13:12:02","slug":"carrito","status":"publish","type":"page","link":"https:\/\/tumarco.co\/?page_id=7","title":{"rendered":"Carrito"},"content":{"rendered":"\n<div data-block-name=\"woocommerce\/cart\" class=\"wp-block-woocommerce-cart alignwide is-loading\">\n<div data-block-name=\"woocommerce\/filled-cart-block\" class=\"wp-block-woocommerce-filled-cart-block\">\n<div data-block-name=\"woocommerce\/cart-items-block\" class=\"wp-block-woocommerce-cart-items-block\">\n<div data-block-name=\"woocommerce\/cart-line-items-block\" class=\"wp-block-woocommerce-cart-line-items-block\"><\/div>\n\n\n\n<div data-block-name=\"woocommerce\/cart-cross-sells-block\" class=\"wp-block-woocommerce-cart-cross-sells-block\">\n<h2 class=\"wp-block-heading has-large-font-size\">You may be interested in\u2026<\/h2>\n\n\n\n<div data-block-name=\"woocommerce\/cart-cross-sells-products-block\" class=\"wp-block-woocommerce-cart-cross-sells-products-block\"><\/div>\n<\/div>\n<\/div>\n\n\n\n<div data-block-name=\"woocommerce\/cart-totals-block\" class=\"wp-block-woocommerce-cart-totals-block\">\n<div data-block-name=\"woocommerce\/cart-order-summary-block\" class=\"wp-block-woocommerce-cart-order-summary-block\">\n<div data-block-name=\"woocommerce\/cart-order-summary-heading-block\" class=\"wp-block-woocommerce-cart-order-summary-heading-block\"><\/div><div data-block-name=\"woocommerce\/cart-order-summary-coupon-form-block\" class=\"wp-block-woocommerce-cart-order-summary-coupon-form-block\"><\/div><div data-block-name=\"woocommerce\/cart-order-summary-totals-block\" class=\"wp-block-woocommerce-cart-order-summary-totals-block\">\n<div data-block-name=\"woocommerce\/cart-order-summary-subtotal-block\" class=\"wp-block-woocommerce-cart-order-summary-subtotal-block\"><\/div>\n<div data-block-name=\"woocommerce\/cart-order-summary-discount-block\" class=\"wp-block-woocommerce-cart-order-summary-discount-block\"><\/div>\n<div data-block-name=\"woocommerce\/cart-order-summary-fee-block\" class=\"wp-block-woocommerce-cart-order-summary-fee-block\"><\/div>\n<div data-block-name=\"woocommerce\/cart-order-summary-shipping-block\" class=\"wp-block-woocommerce-cart-order-summary-shipping-block\"><\/div>\n<div data-block-name=\"woocommerce\/cart-order-summary-taxes-block\" class=\"wp-block-woocommerce-cart-order-summary-taxes-block\"><\/div><\/div>\n<\/div>\n\n\n\n<div data-block-name=\"woocommerce\/cart-express-payment-block\" class=\"wp-block-woocommerce-cart-express-payment-block\"><\/div>\n\n\n\n<div data-block-name=\"woocommerce\/proceed-to-checkout-block\" class=\"wp-block-woocommerce-proceed-to-checkout-block\"><\/div>\n\n\n\n<div data-block-name=\"woocommerce\/cart-accepted-payment-methods-block\" class=\"wp-block-woocommerce-cart-accepted-payment-methods-block\"><\/div>\n<\/div>\n<\/div>\n\n\n\n<div data-block-name=\"woocommerce\/empty-cart-block\" class=\"wp-block-woocommerce-empty-cart-block\">\n<h2 class=\"wp-block-heading has-text-align-center with-empty-cart-icon wc-block-cart__empty-cart__title\">Your cart is currently empty!<\/h2>\n\n\n\n<hr class=\"wp-block-separator has-alpha-channel-opacity is-style-dots\"\/>\n\n\n\n<h2 class=\"wp-block-heading has-text-align-center\">New in store<\/h2>\n\n\n<div data-block-name=\"woocommerce\/product-new\" data-columns=\"4\" data-rows=\"1\" class=\"wc-block-grid wp-block-product-new wp-block-woocommerce-product-new wc-block-product-new has-4-columns\"><ul class=\"wc-block-grid__products\"><li class=\"wc-block-grid__product\">\n\t\t\t\t<a href=\"https:\/\/tumarco.co\/?product=serenidad-interior\" class=\"wc-block-grid__product-link\">\n\t\t\t\t\t\n\t\t\t\t\t<div class=\"wc-block-grid__product-image\"><img loading=\"lazy\" decoding=\"async\" width=\"300\" height=\"300\" src=\"https:\/\/tumarco.co\/wp-content\/uploads\/2025\/06\/RELIGIOSAS_Mesa-de-trabajo-1-copia-12-300x300.jpg\" class=\"attachment-woocommerce_thumbnail size-woocommerce_thumbnail\" alt=\"SERENIDAD INTERIOR\" srcset=\"https:\/\/tumarco.co\/wp-content\/uploads\/2025\/06\/RELIGIOSAS_Mesa-de-trabajo-1-copia-12-300x300.jpg 300w, https:\/\/tumarco.co\/wp-content\/uploads\/2025\/06\/RELIGIOSAS_Mesa-de-trabajo-1-copia-12-150x150.jpg 150w, https:\/\/tumarco.co\/wp-content\/uploads\/2025\/06\/RELIGIOSAS_Mesa-de-trabajo-1-copia-12-600x597.jpg 600w, https:\/\/tumarco.co\/wp-content\/uploads\/2025\/06\/RELIGIOSAS_Mesa-de-trabajo-1-copia-12-100x100.jpg 100w\" sizes=\"auto, (max-width: 300px) 100vw, 300px\" \/><\/div>\n\t\t\t\t\t<div class=\"wc-block-grid__product-title\">SERENIDAD INTERIOR<\/div>\n\t\t\t\t<\/a>\n\t\t\t\t<div class=\"wc-block-grid__product-price price\"><\/div>\n\t\t\t\t\n\t\t\t\t<div class=\"wp-block-button wc-block-grid__product-add-to-cart\"><a href=\"https:\/\/tumarco.co\/?product=serenidad-interior\" aria-label=\"Lee m\u00e1s sobre &ldquo;SERENIDAD INTERIOR&rdquo;\" data-quantity=\"1\" data-product_id=\"323\" data-product_sku=\"\" data-price=\"0\" rel=\"nofollow\" class=\"wp-block-button__link  add_to_cart_button\">Leer m\u00e1s<\/a><\/div>\n\t\t\t<\/li><li class=\"wc-block-grid__product\">\n\t\t\t\t<a href=\"https:\/\/tumarco.co\/?product=dinosaurio-explorador\" class=\"wc-block-grid__product-link\">\n\t\t\t\t\t\n\t\t\t\t\t<div class=\"wc-block-grid__product-image\"><img loading=\"lazy\" decoding=\"async\" width=\"300\" height=\"300\" src=\"https:\/\/tumarco.co\/wp-content\/uploads\/2025\/06\/INFANTILES_Mesa-de-trabajo-1-copia-2-300x300.jpg\" class=\"attachment-woocommerce_thumbnail size-woocommerce_thumbnail\" alt=\"DINOSAURIO EXPLORADOR\" srcset=\"https:\/\/tumarco.co\/wp-content\/uploads\/2025\/06\/INFANTILES_Mesa-de-trabajo-1-copia-2-300x300.jpg 300w, https:\/\/tumarco.co\/wp-content\/uploads\/2025\/06\/INFANTILES_Mesa-de-trabajo-1-copia-2-150x150.jpg 150w, https:\/\/tumarco.co\/wp-content\/uploads\/2025\/06\/INFANTILES_Mesa-de-trabajo-1-copia-2-100x100.jpg 100w\" sizes=\"auto, (max-width: 300px) 100vw, 300px\" \/><\/div>\n\t\t\t\t\t<div class=\"wc-block-grid__product-title\">DINOSAURIO EXPLORADOR<\/div>\n\t\t\t\t<\/a>\n\t\t\t\t<div class=\"wc-block-grid__product-price price\"><\/div>\n\t\t\t\t\n\t\t\t\t<div class=\"wp-block-button wc-block-grid__product-add-to-cart\"><a href=\"https:\/\/tumarco.co\/?product=dinosaurio-explorador\" aria-label=\"Lee m\u00e1s sobre &ldquo;DINOSAURIO EXPLORADOR&rdquo;\" data-quantity=\"1\" data-product_id=\"322\" data-product_sku=\"\" data-price=\"0\" rel=\"nofollow\" class=\"wp-block-button__link  add_to_cart_button\">Leer m\u00e1s<\/a><\/div>\n\t\t\t<\/li><li class=\"wc-block-grid__product\">\n\t\t\t\t<a href=\"https:\/\/tumarco.co\/?product=elefantito-en-su-mantita\" class=\"wc-block-grid__product-link\">\n\t\t\t\t\t\n\t\t\t\t\t<div class=\"wc-block-grid__product-image\"><img loading=\"lazy\" decoding=\"async\" width=\"300\" height=\"300\" src=\"https:\/\/tumarco.co\/wp-content\/uploads\/2025\/06\/INFANTILES_Mesa-de-trabajo-1-copia-4-300x300.jpg\" class=\"attachment-woocommerce_thumbnail size-woocommerce_thumbnail\" alt=\"ELEFANTITO EN SU MANTITA\" srcset=\"https:\/\/tumarco.co\/wp-content\/uploads\/2025\/06\/INFANTILES_Mesa-de-trabajo-1-copia-4-300x300.jpg 300w, https:\/\/tumarco.co\/wp-content\/uploads\/2025\/06\/INFANTILES_Mesa-de-trabajo-1-copia-4-150x150.jpg 150w, https:\/\/tumarco.co\/wp-content\/uploads\/2025\/06\/INFANTILES_Mesa-de-trabajo-1-copia-4-100x100.jpg 100w\" sizes=\"auto, (max-width: 300px) 100vw, 300px\" \/><\/div>\n\t\t\t\t\t<div class=\"wc-block-grid__product-title\">ELEFANTITO EN SU MANTITA<\/div>\n\t\t\t\t<\/a>\n\t\t\t\t<div class=\"wc-block-grid__product-price price\"><\/div>\n\t\t\t\t\n\t\t\t\t<div class=\"wp-block-button wc-block-grid__product-add-to-cart\"><a href=\"https:\/\/tumarco.co\/?product=elefantito-en-su-mantita\" aria-label=\"Lee m\u00e1s sobre &ldquo;ELEFANTITO EN SU MANTITA&rdquo;\" data-quantity=\"1\" data-product_id=\"319\" data-product_sku=\"\" data-price=\"0\" rel=\"nofollow\" class=\"wp-block-button__link  add_to_cart_button\">Leer m\u00e1s<\/a><\/div>\n\t\t\t<\/li><li class=\"wc-block-grid__product\">\n\t\t\t\t<a href=\"https:\/\/tumarco.co\/?product=pequeno-astronauta-sonador\" class=\"wc-block-grid__product-link\">\n\t\t\t\t\t\n\t\t\t\t\t<div class=\"wc-block-grid__product-image\"><img loading=\"lazy\" decoding=\"async\" width=\"300\" height=\"300\" src=\"https:\/\/tumarco.co\/wp-content\/uploads\/2025\/06\/INFANTILES_Mesa-de-trabajo-1-copia-6-300x300.jpg\" class=\"attachment-woocommerce_thumbnail size-woocommerce_thumbnail\" alt=\"PEQUE\u00d1O ASTRONAUTA SO\u00d1ADOR\" srcset=\"https:\/\/tumarco.co\/wp-content\/uploads\/2025\/06\/INFANTILES_Mesa-de-trabajo-1-copia-6-300x300.jpg 300w, https:\/\/tumarco.co\/wp-content\/uploads\/2025\/06\/INFANTILES_Mesa-de-trabajo-1-copia-6-150x150.jpg 150w, https:\/\/tumarco.co\/wp-content\/uploads\/2025\/06\/INFANTILES_Mesa-de-trabajo-1-copia-6-100x100.jpg 100w\" sizes=\"auto, (max-width: 300px) 100vw, 300px\" \/><\/div>\n\t\t\t\t\t<div class=\"wc-block-grid__product-title\">PEQUE\u00d1O ASTRONAUTA SO\u00d1ADOR<\/div>\n\t\t\t\t<\/a>\n\t\t\t\t<div class=\"wc-block-grid__product-price price\"><\/div>\n\t\t\t\t\n\t\t\t\t<div class=\"wp-block-button wc-block-grid__product-add-to-cart\"><a href=\"https:\/\/tumarco.co\/?product=pequeno-astronauta-sonador\" aria-label=\"Lee m\u00e1s sobre &ldquo;PEQUE\u00d1O ASTRONAUTA SO\u00d1ADOR&rdquo;\" data-quantity=\"1\" data-product_id=\"318\" data-product_sku=\"\" data-price=\"0\" rel=\"nofollow\" class=\"wp-block-button__link  add_to_cart_button\">Leer m\u00e1s<\/a><\/div>\n\t\t\t<\/li><\/ul><\/div><\/div>\n<\/div>\n","protected":false},"excerpt":{"rendered":"","protected":false},"author":1,"featured_media":0,"parent":0,"menu_order":0,"comment_status":"closed","ping_status":"closed","template":"","meta":{"footnotes":""},"class_list":["post-7","page","type-page","status-publish","hentry"],"blocksy_meta":[],"_links":{"self":[{"href":"https:\/\/tumarco.co\/index.php?rest_route=\/wp\/v2\/pages\/7","targetHints":{"allow":["GET"]}}],"collection":[{"href":"https:\/\/tumarco.co\/index.php?rest_route=\/wp\/v2\/pages"}],"about":[{"href":"https:\/\/tumarco.co\/index.php?rest_route=\/wp\/v2\/types\/page"}],"author":[{"embeddable":true,"href":"https:\/\/tumarco.co\/index.php?rest_route=\/wp\/v2\/users\/1"}],"replies":[{"embeddable":true,"href":"https:\/\/tumarco.co\/index.php?rest_route=%2Fwp%2Fv2%2Fcomments&post=7"}],"version-history":[{"count":1,"href":"https:\/\/tumarco.co\/index.php?rest_route=\/wp\/v2\/pages\/7\/revisions"}],"predecessor-version":[{"id":69,"href":"https:\/\/tumarco.co\/index.php?rest_route=\/wp\/v2\/pages\/7\/revisions\/69"}],"wp:attachment":[{"href":"https:\/\/tumarco.co\/index.php?rest_route=%2Fwp%2Fv2%2Fmedia&parent=7"}],"curies":[{"name":"wp","href":"https:\/\/api.w.org\/{rel}","templated":true}]}}