{"id":40,"date":"2025-06-13T03:22:58","date_gmt":"2025-06-13T03:22:58","guid":{"rendered":"https:\/\/tumarco.co\/?page_id=40"},"modified":"2025-06-16T15:58:27","modified_gmt":"2025-06-16T15:58:27","slug":"inicio","status":"publish","type":"page","link":"https:\/\/tumarco.co\/","title":{"rendered":"Inicio"},"content":{"rendered":"\n<div class=\"wp-block-cover alignfull is-light\" style=\"min-height:715px;aspect-ratio:unset;\"><img loading=\"lazy\" decoding=\"async\" width=\"2560\" height=\"1124\" class=\"wp-block-cover__image-background wp-image-249 size-full\" alt=\"\" src=\"https:\/\/tumarco.co\/wp-content\/uploads\/2025\/06\/banner_Mesa-de-trabajo-1-scaled.jpg\" data-object-fit=\"cover\" srcset=\"https:\/\/tumarco.co\/wp-content\/uploads\/2025\/06\/banner_Mesa-de-trabajo-1-scaled.jpg 2560w, https:\/\/tumarco.co\/wp-content\/uploads\/2025\/06\/banner_Mesa-de-trabajo-1-300x132.jpg 300w, https:\/\/tumarco.co\/wp-content\/uploads\/2025\/06\/banner_Mesa-de-trabajo-1-1024x450.jpg 1024w, https:\/\/tumarco.co\/wp-content\/uploads\/2025\/06\/banner_Mesa-de-trabajo-1-768x337.jpg 768w, https:\/\/tumarco.co\/wp-content\/uploads\/2025\/06\/banner_Mesa-de-trabajo-1-1536x675.jpg 1536w, https:\/\/tumarco.co\/wp-content\/uploads\/2025\/06\/banner_Mesa-de-trabajo-1-2048x900.jpg 2048w, https:\/\/tumarco.co\/wp-content\/uploads\/2025\/06\/banner_Mesa-de-trabajo-1-600x264.jpg 600w\" sizes=\"auto, (max-width: 2560px) 100vw, 2560px\" \/><span aria-hidden=\"true\" class=\"wp-block-cover__background has-background-dim-10 has-background-dim\" style=\"background-color:#9d9692\"><\/span><div class=\"wp-block-cover__inner-container is-layout-flow wp-block-cover-is-layout-flow\">\n<div class=\"wp-block-stackable-heading stk-block-heading stk-block-heading--v2 stk-block stk-25c0bcb\" id=\"arte-en-lienzo\" data-block-id=\"25c0bcb\"><style>.stk-25c0bcb {margin-bottom:5px !important;}.stk-25c0bcb .stk-block-heading__text{color:var(--theme-palette-color-6, #f2f5f7) !important;}<\/style><h1 class=\"stk-block-heading__text has-text-color has-text-align-left\">  Arte en Lienzo<\/h1><\/div>\n\n\n\n<p class=\"has-text-align-left has-palette-color-6-color has-text-color has-link-color has-medium-font-size wp-elements-be3d9ebfa6fb760f85d3ec97e920cba2\" id=\"arte-en-lienzo\">  Descubre nuestra colecci\u00f3n de cuadros  impresos en lienzo para embellecer tu hogar.<\/p>\n\n\n\n<div class=\"wp-block-stackable-button-group aligncenter stk-block-button-group stk-block stk-c431c3e\" id=\"arte-en-lienzo\" data-block-id=\"c431c3e\"><div class=\"stk-row stk-inner-blocks has-text-align-left stk-block-content stk-button-group\">\n<div class=\"wp-block-stackable-button stk-block-button stk-block stk-3f3dfb4\" data-block-id=\"3f3dfb4\"><style>.stk-3f3dfb4 .stk-button{background:#b89f03 !important;}.stk-3f3dfb4 .stk-button__inner-text{color:#000000 !important;}<\/style><a class=\"stk-link stk-button stk--hover-effect-darken\" href=\"https:\/\/tumarco.co\/?page_id=6\"><span class=\"has-text-color stk-button__inner-text\">Compra Ahora <\/span><\/a><\/div>\n<\/div><\/div>\n<\/div><\/div>\n\n\n\n<div class=\"wp-block-stackable-columns stk-block-columns stk-block stk-f347bd8\" data-block-id=\"f347bd8\"><style>.stk-f347bd8 {margin-bottom:0px !important;}<\/style><div class=\"stk-row stk-inner-blocks stk-block-content stk-content-align stk-f347bd8-column\">\n<div class=\"wp-block-stackable-column stk-block-column stk-column stk-block stk-4d846fd\" data-v=\"4\" data-block-id=\"4d846fd\"><div class=\"stk-column-wrapper stk-block-column__content stk-container stk-4d846fd-container stk--no-background stk--no-padding\"><div class=\"has-text-align-center stk-block-content stk-inner-blocks stk-4d846fd-inner-blocks\"><\/div><\/div><\/div>\n<\/div><\/div>\n\n\n\n<h2 class=\"wp-block-heading has-text-align-center\">Explora Nuestra Tienda Virtual<\/h2>\n\n\n\n<div class=\"wp-block-stackable-columns alignfull stk-block-columns stk-block stk-3d689fe\" data-block-id=\"3d689fe\"><div class=\"stk-row stk-inner-blocks stk-block-content stk-content-align stk-3d689fe-column alignfull\">\n<div class=\"wp-block-stackable-column stk-block-column stk-column stk-block stk-b3e6181\" data-v=\"4\" data-block-id=\"b3e6181\"><div class=\"stk-column-wrapper stk-block-column__content stk-container stk-b3e6181-container stk--no-background stk--no-padding\"><div class=\"stk-block-content stk-inner-blocks stk-b3e6181-inner-blocks\">\n<div class=\"wp-block-stackable-columns alignfull stk-block-columns stk-block stk-3e46a88\" data-block-id=\"3e46a88\"><div class=\"stk-row stk-inner-blocks stk-block-content stk-content-align stk-3e46a88-column alignfull\">\n<div class=\"wp-block-stackable-column stk-block-column stk-column stk-block stk-326ee91\" data-v=\"4\" data-block-id=\"326ee91\"><div class=\"stk-column-wrapper stk-block-column__content stk-container stk-326ee91-container stk--no-background stk--no-padding\"><div class=\"stk-block-content stk-inner-blocks stk-326ee91-inner-blocks\">\n<div class=\"wp-block-stackable-image-box stk-block-image-box stk-hover-parent stk-block stk-6f21ae3 is-style-plain\" data-block-id=\"6f21ae3\"><div class=\"stk-block-content stk-inner-blocks has-text-align-left stk-row stk-block-image-box__content\">\n<div class=\"wp-block-stackable-image stk-block-image stk-block stk-848900b\" data-block-id=\"848900b\"><style>.stk-848900b .stk-img-wrapper{width:100% !important;height:315px !important;filter:drop-shadow(none) !important;}:where(.stk-hover-parent:hover,  .stk-hover-parent.stk--is-hovered) .stk-848900b .stk-img-wrapper::after{background-color:#000000B3 !important;}<\/style><figure><span class=\"stk-img-wrapper stk-image--shape-stretch stk--shadow-none\"><img loading=\"lazy\" decoding=\"async\" class=\"stk-img wp-image-55\" src=\"https:\/\/tumarco.co\/wp-content\/uploads\/2025\/06\/2d3eed2103d41973de5e0eca8b1953ff-04-876x1024.png\" width=\"876\" height=\"1024\" alt=\"\" srcset=\"https:\/\/tumarco.co\/wp-content\/uploads\/2025\/06\/2d3eed2103d41973de5e0eca8b1953ff-04-876x1024.png 876w, https:\/\/tumarco.co\/wp-content\/uploads\/2025\/06\/2d3eed2103d41973de5e0eca8b1953ff-04-257x300.png 257w, https:\/\/tumarco.co\/wp-content\/uploads\/2025\/06\/2d3eed2103d41973de5e0eca8b1953ff-04-768x898.png 768w, https:\/\/tumarco.co\/wp-content\/uploads\/2025\/06\/2d3eed2103d41973de5e0eca8b1953ff-04-600x702.png 600w, https:\/\/tumarco.co\/wp-content\/uploads\/2025\/06\/2d3eed2103d41973de5e0eca8b1953ff-04.png 991w\" sizes=\"auto, (max-width: 876px) 100vw, 876px\" \/><\/span><\/figure><\/div>\n\n\n\n<div class=\"wp-block-stackable-column stk-block-column stk-column stk-block stk-7081cfb\" data-v=\"4\" data-block-id=\"7081cfb\"><style>.stk-7081cfb-inner-blocks{justify-content:flex-end !important;}.stk-7081cfb-container{padding-top:32px !important;padding-right:32px !important;padding-bottom:32px !important;padding-left:32px !important;display:flex !important;}<\/style><div class=\"stk-column-wrapper stk-block-column__content stk-container stk-7081cfb-container stk--no-background stk--no-padding\"><div class=\"stk-block-content stk-inner-blocks stk-7081cfb-inner-blocks\">\n<div class=\"wp-block-stackable-heading stk-block-heading stk-block-heading--v2 stk-block stk-537f8f2\" id=\"tematicos\" data-block-id=\"537f8f2\"><style>.stk-537f8f2 {margin-bottom:3px !important;}.stk-537f8f2 .stk-block-heading__text{color:#FFFFFF !important;}<\/style><h4 class=\"stk-block-heading__text has-text-color has-white-color\">TEMATICOS<\/h4><\/div>\n\n\n\n<div class=\"wp-block-stackable-text stk-block-text stk-block stk-2f7ccae\" data-block-id=\"2f7ccae\"><style>.stk-2f7ccae {margin-bottom:8px !important;}.stk-2f7ccae .stk-block-text__text{text-shadow:2px 4px 5px #00000066 !important;color:var(--theme-palette-color-6, #f2f5f7) !important;text-transform:uppercase !important;}<\/style><p class=\"stk-block-text__text has-text-color has-white-color\">VER CUADROS TEMATICOS<\/p><\/div>\n<\/div><\/div><\/div>\n<\/div><a class=\"stk-link stk-block-link stk--transparent-overlay\" href=\"https:\/\/tumarco.co\/?product_cat=tematicos\"><\/a><\/div>\n<\/div><\/div><\/div>\n\n\n\n<div class=\"wp-block-stackable-column stk-block-column stk-column stk-block stk-a3ede90\" data-v=\"4\" data-block-id=\"a3ede90\"><div class=\"stk-column-wrapper stk-block-column__content stk-container stk-a3ede90-container stk--no-background stk--no-padding\"><div class=\"stk-block-content stk-inner-blocks stk-a3ede90-inner-blocks\">\n<div class=\"wp-block-stackable-image-box stk-block-image-box stk-hover-parent stk-block stk-1692b7e is-style-plain\" data-block-id=\"1692b7e\"><div class=\"stk-block-content stk-inner-blocks has-text-align-left stk-row stk-block-image-box__content\">\n<div class=\"wp-block-stackable-image stk-block-image stk-block stk-b0c36b9\" data-block-id=\"b0c36b9\"><style>.stk-b0c36b9 .stk-img-wrapper{width:100% !important;height:315px !important;}:where(.stk-hover-parent:hover,  .stk-hover-parent.stk--is-hovered) .stk-b0c36b9 .stk-img-wrapper::after{background-color:#000000B3 !important;}<\/style><figure><span class=\"stk-img-wrapper stk-image--shape-stretch\"><img loading=\"lazy\" decoding=\"async\" class=\"stk-img wp-image-53\" src=\"https:\/\/tumarco.co\/wp-content\/uploads\/2025\/06\/2d3eed2103d41973de5e0eca8b1953ff-02.png\" width=\"991\" height=\"1160\" alt=\"\" srcset=\"https:\/\/tumarco.co\/wp-content\/uploads\/2025\/06\/2d3eed2103d41973de5e0eca8b1953ff-02.png 991w, https:\/\/tumarco.co\/wp-content\/uploads\/2025\/06\/2d3eed2103d41973de5e0eca8b1953ff-02-256x300.png 256w, https:\/\/tumarco.co\/wp-content\/uploads\/2025\/06\/2d3eed2103d41973de5e0eca8b1953ff-02-875x1024.png 875w, https:\/\/tumarco.co\/wp-content\/uploads\/2025\/06\/2d3eed2103d41973de5e0eca8b1953ff-02-768x899.png 768w, https:\/\/tumarco.co\/wp-content\/uploads\/2025\/06\/2d3eed2103d41973de5e0eca8b1953ff-02-600x702.png 600w\" sizes=\"auto, (max-width: 991px) 100vw, 991px\" \/><\/span><\/figure><\/div>\n\n\n\n<div class=\"wp-block-stackable-column stk-block-column stk-column stk-block stk-10c2efb\" data-v=\"4\" data-block-id=\"10c2efb\"><style>.stk-10c2efb-inner-blocks{justify-content:flex-end !important;}.stk-10c2efb-container{padding-top:32px !important;padding-right:32px !important;padding-bottom:32px !important;padding-left:32px !important;display:flex !important;}<\/style><div class=\"stk-column-wrapper stk-block-column__content stk-container stk-10c2efb-container stk--no-background stk--no-padding\"><div class=\"stk-block-content stk-inner-blocks stk-10c2efb-inner-blocks\">\n<div class=\"wp-block-stackable-heading stk-block-heading stk-block-heading--v2 stk-block stk-ca02272\" id=\"animales\" data-block-id=\"ca02272\"><style>.stk-ca02272 {margin-bottom:3px !important;}.stk-ca02272 .stk-block-heading__text{color:#FFFFFF !important;}<\/style><h4 class=\"stk-block-heading__text has-text-color has-white-color\">ANIMALES<\/h4><\/div>\n\n\n\n<div class=\"wp-block-stackable-text stk-block-text stk-block stk-2c9afe7\" data-block-id=\"2c9afe7\"><style>.stk-2c9afe7 {margin-bottom:8px !important;}.stk-2c9afe7 .stk-block-text__text{text-shadow:2px 4px 5px #00000066 !important;color:var(--theme-palette-color-6, #f2f5f7) !important;text-transform:uppercase !important;}<\/style><p class=\"stk-block-text__text has-text-color has-white-color\">VER CUADROS TEMATICOS<\/p><\/div>\n<\/div><\/div><\/div>\n<\/div><a class=\"stk-link stk-block-link stk--transparent-overlay\" href=\"https:\/\/tumarco.co\/?product_cat=tematicos\"><\/a><\/div>\n<\/div><a class=\"stk-link stk-block-link stk--transparent-overlay\" href=\"https:\/\/tumarco.co\/?product_cat=animales\" aria-hidden=\"true\" tabindex=\"-1\"><\/a><\/div><\/div>\n\n\n\n<div class=\"wp-block-stackable-column stk-block-column stk-column stk-block stk-6b6d8e8\" data-v=\"4\" data-block-id=\"6b6d8e8\"><div class=\"stk-column-wrapper stk-block-column__content stk-container stk-6b6d8e8-container stk--no-background stk--no-padding\"><div class=\"stk-block-content stk-inner-blocks stk-6b6d8e8-inner-blocks\">\n<div class=\"wp-block-stackable-image-box stk-block-image-box stk-hover-parent stk-block stk-8733aca is-style-plain\" data-block-id=\"8733aca\"><div class=\"stk-block-content stk-inner-blocks has-text-align-left stk-row stk-block-image-box__content\">\n<div class=\"wp-block-stackable-image stk-block-image stk-block stk-4a385e6\" data-block-id=\"4a385e6\"><style>.stk-4a385e6 .stk-img-wrapper{width:100% !important;height:315px !important;}:where(.stk-hover-parent:hover,  .stk-hover-parent.stk--is-hovered) .stk-4a385e6 .stk-img-wrapper::after{background-color:#000000B3 !important;}<\/style><figure><span class=\"stk-img-wrapper stk-image--shape-stretch\"><img loading=\"lazy\" decoding=\"async\" class=\"stk-img wp-image-59\" src=\"https:\/\/tumarco.co\/wp-content\/uploads\/2025\/06\/2d3eed2103d41973de5e0eca8b1953ff-01.png\" width=\"990\" height=\"1159\" alt=\"\" srcset=\"https:\/\/tumarco.co\/wp-content\/uploads\/2025\/06\/2d3eed2103d41973de5e0eca8b1953ff-01.png 990w, https:\/\/tumarco.co\/wp-content\/uploads\/2025\/06\/2d3eed2103d41973de5e0eca8b1953ff-01-256x300.png 256w, https:\/\/tumarco.co\/wp-content\/uploads\/2025\/06\/2d3eed2103d41973de5e0eca8b1953ff-01-875x1024.png 875w, https:\/\/tumarco.co\/wp-content\/uploads\/2025\/06\/2d3eed2103d41973de5e0eca8b1953ff-01-768x899.png 768w, https:\/\/tumarco.co\/wp-content\/uploads\/2025\/06\/2d3eed2103d41973de5e0eca8b1953ff-01-600x702.png 600w\" sizes=\"auto, (max-width: 990px) 100vw, 990px\" \/><\/span><\/figure><\/div>\n\n\n\n<div class=\"wp-block-stackable-column stk-block-column stk-column stk-block stk-bf49599\" data-v=\"4\" data-block-id=\"bf49599\"><style>.stk-bf49599-inner-blocks{justify-content:flex-end !important;}.stk-bf49599-container{padding-top:32px !important;padding-right:32px !important;padding-bottom:32px !important;padding-left:32px !important;display:flex !important;}<\/style><div class=\"stk-column-wrapper stk-block-column__content stk-container stk-bf49599-container stk--no-background stk--no-padding\"><div class=\"stk-block-content stk-inner-blocks stk-bf49599-inner-blocks\">\n<div class=\"wp-block-stackable-heading stk-block-heading stk-block-heading--v2 stk-block stk-1e611a0\" id=\"religiosos\" data-block-id=\"1e611a0\"><style>.stk-1e611a0 {margin-bottom:3px !important;}.stk-1e611a0 .stk-block-heading__text{color:#FFFFFF !important;}<\/style><h4 class=\"stk-block-heading__text has-text-color has-white-color\">RELIGIOSOS<\/h4><\/div>\n\n\n\n<div class=\"wp-block-stackable-text stk-block-text stk-block stk-615d3d3\" data-block-id=\"615d3d3\"><style>.stk-615d3d3 {margin-bottom:8px !important;}.stk-615d3d3 .stk-block-text__text{text-shadow:2px 4px 5px #00000066 !important;color:var(--theme-palette-color-6, #f2f5f7) !important;text-transform:uppercase !important;}<\/style><p class=\"stk-block-text__text has-text-color has-white-color\">VER CUADROS TEMATICOS<\/p><\/div>\n<\/div><\/div><\/div>\n<\/div><a class=\"stk-link stk-block-link stk--transparent-overlay\" href=\"https:\/\/tumarco.co\/?product_cat=religiosos\"><\/a><\/div>\n<\/div><\/div><\/div>\n\n\n\n<div class=\"wp-block-stackable-column stk-block-column stk-column stk-block stk-52289a0\" data-v=\"4\" data-block-id=\"52289a0\"><div class=\"stk-column-wrapper stk-block-column__content stk-container stk-52289a0-container stk--no-background stk--no-padding\"><div class=\"stk-block-content stk-inner-blocks stk-52289a0-inner-blocks\">\n<div class=\"wp-block-stackable-image-box stk-block-image-box stk-hover-parent stk-block stk-00b40fd is-style-plain\" data-block-id=\"00b40fd\"><div class=\"stk-block-content stk-inner-blocks has-text-align-left stk-row stk-block-image-box__content\">\n<div class=\"wp-block-stackable-image stk-block-image stk-block stk-531904b\" data-block-id=\"531904b\"><style>.stk-531904b .stk-img-wrapper{width:100% !important;height:315px !important;}:where(.stk-hover-parent:hover,  .stk-hover-parent.stk--is-hovered) .stk-531904b .stk-img-wrapper::after{background-color:#000000B3 !important;}<\/style><figure><span class=\"stk-img-wrapper stk-image--shape-stretch\"><img loading=\"lazy\" decoding=\"async\" class=\"stk-img wp-image-58\" src=\"https:\/\/tumarco.co\/wp-content\/uploads\/2025\/06\/2d3eed2103d41973de5e0eca8b1953ff-07.png\" width=\"991\" height=\"1159\" alt=\"\" srcset=\"https:\/\/tumarco.co\/wp-content\/uploads\/2025\/06\/2d3eed2103d41973de5e0eca8b1953ff-07.png 991w, https:\/\/tumarco.co\/wp-content\/uploads\/2025\/06\/2d3eed2103d41973de5e0eca8b1953ff-07-257x300.png 257w, https:\/\/tumarco.co\/wp-content\/uploads\/2025\/06\/2d3eed2103d41973de5e0eca8b1953ff-07-876x1024.png 876w, https:\/\/tumarco.co\/wp-content\/uploads\/2025\/06\/2d3eed2103d41973de5e0eca8b1953ff-07-768x898.png 768w, https:\/\/tumarco.co\/wp-content\/uploads\/2025\/06\/2d3eed2103d41973de5e0eca8b1953ff-07-600x702.png 600w\" sizes=\"auto, (max-width: 991px) 100vw, 991px\" \/><\/span><\/figure><\/div>\n\n\n\n<div class=\"wp-block-stackable-column stk-block-column stk-column stk-block stk-c8ce711\" data-v=\"4\" data-block-id=\"c8ce711\"><style>.stk-c8ce711-inner-blocks{justify-content:flex-end !important;}.stk-c8ce711-container{padding-top:32px !important;padding-right:32px !important;padding-bottom:32px !important;padding-left:32px !important;display:flex !important;}<\/style><div class=\"stk-column-wrapper stk-block-column__content stk-container stk-c8ce711-container stk--no-background stk--no-padding\"><div class=\"stk-block-content stk-inner-blocks stk-c8ce711-inner-blocks\">\n<div class=\"wp-block-stackable-heading stk-block-heading stk-block-heading--v2 stk-block stk-0d38fa2\" id=\"infantiles\" data-block-id=\"0d38fa2\"><style>.stk-0d38fa2 {margin-bottom:3px !important;}.stk-0d38fa2 .stk-block-heading__text{color:#0c0c0c !important;}<\/style><h4 class=\"stk-block-heading__text has-text-color has-white-color\">INFANTILES<\/h4><\/div>\n\n\n\n<div class=\"wp-block-stackable-text stk-block-text stk-block stk-c798f44\" data-block-id=\"c798f44\"><style>.stk-c798f44 {margin-bottom:8px !important;}.stk-c798f44 .stk-block-text__text{text-shadow:2px 4px 5px #00000066 !important;color:#000000f7 !important;text-transform:uppercase !important;}<\/style><p class=\"stk-block-text__text has-text-color has-white-color\">VER CUADROS TEMATICOS<\/p><\/div>\n<\/div><\/div><\/div>\n<\/div><a class=\"stk-link stk-block-link stk--transparent-overlay\" href=\"https:\/\/tumarco.co\/?product_cat=tematicos\"><\/a><\/div>\n<\/div><a class=\"stk-link stk-block-link stk--transparent-overlay\" href=\"https:\/\/tumarco.co\/?product_cat=infantiles\" aria-hidden=\"true\" tabindex=\"-1\"><\/a><\/div><\/div>\n<\/div><\/div>\n<\/div><\/div><\/div>\n<\/div><\/div>\n\n\n\n<h2 class=\"wp-block-heading\">NUEVOS DISE\u00d1OS <\/h2>\n\n\n<div class=\"woocommerce columns-4 \"><ul class=\"products columns-4\" data-products=\"type-2\">\n<li class=\"product type-product post-323 status-publish first instock product_cat-religiosos has-post-thumbnail shipping-taxable product-type-simple\">\n\t<a href=\"https:\/\/tumarco.co\/?product=serenidad-interior\" class=\"woocommerce-LoopProduct-link woocommerce-loop-product__link\"><img loading=\"lazy\" decoding=\"async\" width=\"300\" height=\"300\" src=\"https:\/\/tumarco.co\/wp-content\/uploads\/2025\/06\/RELIGIOSAS_Mesa-de-trabajo-1-copia-12-300x300.jpg\" class=\"attachment-woocommerce_thumbnail size-woocommerce_thumbnail\" alt=\"SERENIDAD INTERIOR\" srcset=\"https:\/\/tumarco.co\/wp-content\/uploads\/2025\/06\/RELIGIOSAS_Mesa-de-trabajo-1-copia-12-300x300.jpg 300w, https:\/\/tumarco.co\/wp-content\/uploads\/2025\/06\/RELIGIOSAS_Mesa-de-trabajo-1-copia-12-150x150.jpg 150w, https:\/\/tumarco.co\/wp-content\/uploads\/2025\/06\/RELIGIOSAS_Mesa-de-trabajo-1-copia-12-600x597.jpg 600w, https:\/\/tumarco.co\/wp-content\/uploads\/2025\/06\/RELIGIOSAS_Mesa-de-trabajo-1-copia-12-100x100.jpg 100w\" sizes=\"auto, (max-width: 300px) 100vw, 300px\" \/><h2 class=\"woocommerce-loop-product__title\">SERENIDAD INTERIOR<\/h2>\n<\/a><a href=\"https:\/\/tumarco.co\/?product=serenidad-interior\" aria-describedby=\"woocommerce_loop_add_to_cart_link_describedby_323\" data-quantity=\"1\" class=\"button product_type_simple\" data-product_id=\"323\" data-product_sku=\"\" aria-label=\"Lee m\u00e1s sobre &ldquo;SERENIDAD INTERIOR&rdquo;\" rel=\"nofollow\" data-success_message=\"\">Leer m\u00e1s<\/a>\t<span id=\"woocommerce_loop_add_to_cart_link_describedby_323\" class=\"screen-reader-text\">\n\t\t\t<\/span>\n<\/li>\n<li class=\"product type-product post-322 status-publish instock product_cat-infantiles has-post-thumbnail shipping-taxable product-type-simple\">\n\t<a href=\"https:\/\/tumarco.co\/?product=dinosaurio-explorador\" class=\"woocommerce-LoopProduct-link woocommerce-loop-product__link\"><img loading=\"lazy\" decoding=\"async\" width=\"300\" height=\"300\" src=\"https:\/\/tumarco.co\/wp-content\/uploads\/2025\/06\/INFANTILES_Mesa-de-trabajo-1-copia-2-300x300.jpg\" class=\"attachment-woocommerce_thumbnail size-woocommerce_thumbnail\" alt=\"DINOSAURIO EXPLORADOR\" srcset=\"https:\/\/tumarco.co\/wp-content\/uploads\/2025\/06\/INFANTILES_Mesa-de-trabajo-1-copia-2-300x300.jpg 300w, https:\/\/tumarco.co\/wp-content\/uploads\/2025\/06\/INFANTILES_Mesa-de-trabajo-1-copia-2-150x150.jpg 150w, https:\/\/tumarco.co\/wp-content\/uploads\/2025\/06\/INFANTILES_Mesa-de-trabajo-1-copia-2-100x100.jpg 100w\" sizes=\"auto, (max-width: 300px) 100vw, 300px\" \/><h2 class=\"woocommerce-loop-product__title\">DINOSAURIO EXPLORADOR<\/h2>\n<\/a><a href=\"https:\/\/tumarco.co\/?product=dinosaurio-explorador\" aria-describedby=\"woocommerce_loop_add_to_cart_link_describedby_322\" data-quantity=\"1\" class=\"button product_type_simple\" data-product_id=\"322\" data-product_sku=\"\" aria-label=\"Lee m\u00e1s sobre &ldquo;DINOSAURIO EXPLORADOR&rdquo;\" rel=\"nofollow\" data-success_message=\"\">Leer m\u00e1s<\/a>\t<span id=\"woocommerce_loop_add_to_cart_link_describedby_322\" class=\"screen-reader-text\">\n\t\t\t<\/span>\n<\/li>\n<li class=\"product type-product post-319 status-publish instock product_cat-infantiles has-post-thumbnail shipping-taxable product-type-simple\">\n\t<a href=\"https:\/\/tumarco.co\/?product=elefantito-en-su-mantita\" class=\"woocommerce-LoopProduct-link woocommerce-loop-product__link\"><img loading=\"lazy\" decoding=\"async\" width=\"300\" height=\"300\" src=\"https:\/\/tumarco.co\/wp-content\/uploads\/2025\/06\/INFANTILES_Mesa-de-trabajo-1-copia-4-300x300.jpg\" class=\"attachment-woocommerce_thumbnail size-woocommerce_thumbnail\" alt=\"ELEFANTITO EN SU MANTITA\" srcset=\"https:\/\/tumarco.co\/wp-content\/uploads\/2025\/06\/INFANTILES_Mesa-de-trabajo-1-copia-4-300x300.jpg 300w, https:\/\/tumarco.co\/wp-content\/uploads\/2025\/06\/INFANTILES_Mesa-de-trabajo-1-copia-4-150x150.jpg 150w, https:\/\/tumarco.co\/wp-content\/uploads\/2025\/06\/INFANTILES_Mesa-de-trabajo-1-copia-4-100x100.jpg 100w\" sizes=\"auto, (max-width: 300px) 100vw, 300px\" \/><h2 class=\"woocommerce-loop-product__title\">ELEFANTITO EN SU MANTITA<\/h2>\n<\/a><a href=\"https:\/\/tumarco.co\/?product=elefantito-en-su-mantita\" aria-describedby=\"woocommerce_loop_add_to_cart_link_describedby_319\" data-quantity=\"1\" class=\"button product_type_simple\" data-product_id=\"319\" data-product_sku=\"\" aria-label=\"Lee m\u00e1s sobre &ldquo;ELEFANTITO EN SU MANTITA&rdquo;\" rel=\"nofollow\" data-success_message=\"\">Leer m\u00e1s<\/a>\t<span id=\"woocommerce_loop_add_to_cart_link_describedby_319\" class=\"screen-reader-text\">\n\t\t\t<\/span>\n<\/li>\n<li class=\"product type-product post-318 status-publish last instock product_cat-infantiles has-post-thumbnail shipping-taxable product-type-simple\">\n\t<a href=\"https:\/\/tumarco.co\/?product=pequeno-astronauta-sonador\" class=\"woocommerce-LoopProduct-link woocommerce-loop-product__link\"><img loading=\"lazy\" decoding=\"async\" width=\"300\" height=\"300\" src=\"https:\/\/tumarco.co\/wp-content\/uploads\/2025\/06\/INFANTILES_Mesa-de-trabajo-1-copia-6-300x300.jpg\" class=\"attachment-woocommerce_thumbnail size-woocommerce_thumbnail\" alt=\"PEQUE\u00d1O ASTRONAUTA SO\u00d1ADOR\" srcset=\"https:\/\/tumarco.co\/wp-content\/uploads\/2025\/06\/INFANTILES_Mesa-de-trabajo-1-copia-6-300x300.jpg 300w, https:\/\/tumarco.co\/wp-content\/uploads\/2025\/06\/INFANTILES_Mesa-de-trabajo-1-copia-6-150x150.jpg 150w, https:\/\/tumarco.co\/wp-content\/uploads\/2025\/06\/INFANTILES_Mesa-de-trabajo-1-copia-6-100x100.jpg 100w\" sizes=\"auto, (max-width: 300px) 100vw, 300px\" \/><h2 class=\"woocommerce-loop-product__title\">PEQUE\u00d1O ASTRONAUTA SO\u00d1ADOR<\/h2>\n<\/a><a href=\"https:\/\/tumarco.co\/?product=pequeno-astronauta-sonador\" aria-describedby=\"woocommerce_loop_add_to_cart_link_describedby_318\" data-quantity=\"1\" class=\"button product_type_simple\" data-product_id=\"318\" data-product_sku=\"\" aria-label=\"Lee m\u00e1s sobre &ldquo;PEQUE\u00d1O ASTRONAUTA SO\u00d1ADOR&rdquo;\" rel=\"nofollow\" data-success_message=\"\">Leer m\u00e1s<\/a>\t<span id=\"woocommerce_loop_add_to_cart_link_describedby_318\" class=\"screen-reader-text\">\n\t\t\t<\/span>\n<\/li>\n<\/ul>\n<\/div>\n\n\n\n<p><\/p>\n","protected":false},"excerpt":{"rendered":"<p>Explora Nuestra Tienda Virtual TEMATICOS VER CUADROS TEMATICOS ANIMALES VER CUADROS TEMATICOS RELIGIOSOS VER CUADROS TEMATICOS INFANTILES VER CUADROS TEMATICOS NUEVOS DISE\u00d1OS<\/p>\n","protected":false},"author":1,"featured_media":0,"parent":0,"menu_order":0,"comment_status":"closed","ping_status":"closed","template":"","meta":{"footnotes":""},"class_list":["post-40","page","type-page","status-publish","hentry"],"blocksy_meta":{"has_hero_section":"disabled","vertical_spacing_source":"custom","content_area_spacing":"none","styles_descriptor":{"styles":{"desktop":"","tablet":"","mobile":""},"google_fonts":[],"version":6}},"_links":{"self":[{"href":"https:\/\/tumarco.co\/index.php?rest_route=\/wp\/v2\/pages\/40","targetHints":{"allow":["GET"]}}],"collection":[{"href":"https:\/\/tumarco.co\/index.php?rest_route=\/wp\/v2\/pages"}],"about":[{"href":"https:\/\/tumarco.co\/index.php?rest_route=\/wp\/v2\/types\/page"}],"author":[{"embeddable":true,"href":"https:\/\/tumarco.co\/index.php?rest_route=\/wp\/v2\/users\/1"}],"replies":[{"embeddable":true,"href":"https:\/\/tumarco.co\/index.php?rest_route=%2Fwp%2Fv2%2Fcomments&post=40"}],"version-history":[{"count":51,"href":"https:\/\/tumarco.co\/index.php?rest_route=\/wp\/v2\/pages\/40\/revisions"}],"predecessor-version":[{"id":261,"href":"https:\/\/tumarco.co\/index.php?rest_route=\/wp\/v2\/pages\/40\/revisions\/261"}],"wp:attachment":[{"href":"https:\/\/tumarco.co\/index.php?rest_route=%2Fwp%2Fv2%2Fmedia&parent=40"}],"curies":[{"name":"wp","href":"https:\/\/api.w.org\/{rel}","templated":true}]}}